{"id":2,"date":"2014-02-12T11:02:23","date_gmt":"2014-02-12T11:02:23","guid":{"rendered":"http:\/\/paulorobertodaradio.com.br\/site\/?page_id=2"},"modified":"2018-05-15T23:19:12","modified_gmt":"2018-05-16T02:19:12","slug":"sobre","status":"publish","type":"page","link":"http:\/\/paulorobertodaradio.com.br\/site\/?page_id=2","title":{"rendered":"Quem somos"},"content":{"rendered":"<p dir=\"auto\">Sou o Paulo Roberto, nasci na cidade de Muri \u00e9, vivi bons tempos de Crian\u00e7a em Pirapanema. Estudei na Escola Estadual El\u00eddio Guar\u00e7oni.<\/p>\n<p dir=\"auto\">Terminando a 4 s\u00e9rie eu e minha fam\u00edlia fui para a cidade de Muria\u00e9 onde estudei nas Escola Estaduais Desembargador Canedo e Olavo Tostes.<\/p>\n<p dir=\"auto\"><strong><span style=\"color: #ff0000;\">Trabalhei por muitos anos na Antiga R\u00e1dio Popular e Sertaneja 98,7 FM, <\/span><\/strong>onde Gra\u00e7as a Deus fiz muitos amigos e amigas, onde me firmei no ramo de comunica\u00e7\u00f5es, como produtos, locutor, criador de publicidades e rep\u00f3rter.<\/p>\n<p dir=\"auto\">Atualmente estou a frente do departamento de programa\u00e7\u00e3o da <strong><span style=\"color: #ff0000;\">r\u00e1dio Comunit\u00e1ria Miradouro- 87,9 FM.<\/span><\/strong><\/p>\n<p dir=\"auto\">Nosso objetivo \u00e9 levar a verdade dos fatos, para isso contamos com parcerias com os internautas.<\/p>\n<p dir=\"auto\">Nosso ideal \u00e9 levar informa\u00e7\u00e3o de qualidade, com credibilidade e sem apela\u00e7\u00e3o ou sensacionalismo. Voc\u00ea n\u00e3o ver\u00e1 aqui fotos de pessoas torturadas ou baleadas, e nenhum tipo imagens proibidas para menores de 18 anos. Sabemos que do outro lado pode ter uma crian\u00e7a, e n\u00e3o precisa se apelar para conquistar acessos (Ibope). Aproveito para agradecer a todas as pessoas que j\u00e1 nos colocaram dentro de sua programa\u00e7\u00e3o de vida, nos acessando dos os dias, muitos at\u00e9 mais do que uma vez por dia, afinal voc\u00eas j\u00e1 sabem, aconteceu, com a ajuda de Deus e de todos voc\u00eas n\u00f3s estamos em cima do lance pra informar com agilidade.<\/p>\n<p dir=\"auto\">Para isso tamb\u00e9m contamos com Marcio Prado que cobre a \u00e1rea de Fervedouro e regi\u00e3o, ainda com Luan Carlos e v\u00e1rios outros colaboradores.<\/p>\n<p dir=\"auto\">Paulo Roberto da R\u00e1dio.<\/p>\n","protected":false},"excerpt":{"rendered":"<p>Sou o Paulo Roberto, nasci na cidade de Muri \u00e9, vivi bons tempos de Crian\u00e7a em Pirapanema. Estudei na Escola Estadual El\u00eddio Guar\u00e7oni. Terminando a 4 s\u00e9rie eu e minha fam\u00edlia fui para a cidade de Muria\u00e9 onde estudei nas Escola Estaduais Desembargador Canedo e Olavo Tostes. Trabalhei por muitos anos na Antiga R\u00e1dio Popular [&hellip;]<\/p>\n","protected":false},"author":1,"featured_media":0,"parent":0,"menu_order":0,"comment_status":"closed","ping_status":"open","template":"","meta":{"footnotes":""},"class_list":["post-2","page","type-page","status-publish","hentry"],"_links":{"self":[{"href":"http:\/\/paulorobertodaradio.com.br\/site\/index.php?rest_route=\/wp\/v2\/pages\/2","targetHints":{"allow":["GET"]}}],"collection":[{"href":"http:\/\/paulorobertodaradio.com.br\/site\/index.php?rest_route=\/wp\/v2\/pages"}],"about":[{"href":"http:\/\/paulorobertodaradio.com.br\/site\/index.php?rest_route=\/wp\/v2\/types\/page"}],"author":[{"embeddable":true,"href":"http:\/\/paulorobertodaradio.com.br\/site\/index.php?rest_route=\/wp\/v2\/users\/1"}],"replies":[{"embeddable":true,"href":"http:\/\/paulorobertodaradio.com.br\/site\/index.php?rest_route=%2Fwp%2Fv2%2Fcomments&post=2"}],"version-history":[{"count":5,"href":"http:\/\/paulorobertodaradio.com.br\/site\/index.php?rest_route=\/wp\/v2\/pages\/2\/revisions"}],"predecessor-version":[{"id":72842,"href":"http:\/\/paulorobertodaradio.com.br\/site\/index.php?rest_route=\/wp\/v2\/pages\/2\/revisions\/72842"}],"wp:attachment":[{"href":"http:\/\/paulorobertodaradio.com.br\/site\/index.php?rest_route=%2Fwp%2Fv2%2Fmedia&parent=2"}],"curies":[{"name":"wp","href":"https:\/\/api.w.org\/{rel}","templated":true}]}}